{"id":325,"date":"2011-02-14T16:51:56","date_gmt":"2011-02-14T15:51:56","guid":{"rendered":"https:\/\/hotelgrupello.be\/"},"modified":"2026-04-08T19:24:45","modified_gmt":"2026-04-08T17:24:45","slug":"prix","status":"publish","type":"page","link":"https:\/\/hotelgrupello.be\/fr\/prix\/","title":{"rendered":"Prix"},"content":{"rendered":"<p class=\"intro\">Tarifs des nuits, buffet de petit d\u00e9jeuner copieux compris.<\/p>\n<table style=\"width: 598px;\" border=\"0\">\n<tbody>\n<tr>\n<td style=\"width: 234px;\"><strong>1 personne \/ 1 nuit<\/strong><\/td>\n<td style=\"text-align: right; width: 350px;\">\u20ac115,00 par nuit (<!-- @font-face { font-family: \"Arial\"; }@font-face { font-family: \"Cambria Math\"; }@font-face { font-family: \"Cambria\"; }@font-face { font-family: \"MS Mincho\"; }p.MsoNormal, li.MsoNormal, div.MsoNormal { margin: 0cm 0cm 0.0001pt; font-size: 11pt; font-family: Arial; }.MsoChpDefault { font-size: 10pt; font-family: Cambria; }div.WordSection1 { page: WordSection1; } --> buffet de petit d\u00e9jeuner compris)<\/td>\n<\/tr>\n<tr>\n<td style=\"width: 234px;\"><strong>2 personnes \/ 1 nuit<\/strong><\/td>\n<td style=\"text-align: right; width: 350px;\">\u20ac150,00 par nuit (<!-- @font-face { font-family: \"Arial\"; }@font-face { font-family: \"Cambria Math\"; }@font-face { font-family: \"Cambria\"; }@font-face { font-family: \"MS Mincho\"; }p.MsoNormal, li.MsoNormal, div.MsoNormal { margin: 0cm 0cm 0.0001pt; font-size: 11pt; font-family: Arial; }.MsoChpDefault { font-size: 10pt; font-family: Cambria; }div.WordSection1 { page: WordSection1; } --> buffet de petit d\u00e9jeuner compris)<\/td>\n<\/tr>\n<tr>\n<td style=\"width: 234px;\"><strong>enfant &lt; 2 ans<\/strong><\/td>\n<td style=\"text-align: right; width: 350px;\">\u20ac 20,00 par nuit<\/td>\n<\/tr>\n<tr>\n<td style=\"width: 234px;\"><strong>enfant &lt; 12 ans<\/strong><\/td>\n<td style=\"text-align: right; width: 350px;\">\u20ac 30,00 par nuit<\/td>\n<\/tr>\n<tr>\n<td style=\"width: 234px;\"><b>Usage quotidien<br \/>\n<\/b>(4 heurs max )<\/td>\n<td style=\"text-align: right; width: 350px;\">\u20ac 100.00<\/td>\n<\/tr>\n<\/tbody>\n<\/table>\n<p>Nous prions nos clients de lib\u00e9rer les chambres avant 11h00 \u00e0 la fin du s\u00e9jour.<\/p>\n<p id=\"tw-target-text\" class=\"tw-data-text tw-ta tw-text-small\" dir=\"ltr\" data-placeholder=\"Translation\"><em><strong><span lang=\"fr\">Les prix peuvent varier en fonction de la p\u00e9riode et \/ ou de la saison . Pour le prix exact, vous pouvez consulter notre <a href=\"http:\/\/www.securereservations.eu\/hotels_search\/search_hotels.asp?hotelid=686&amp;taal=nl&amp;booktemplate=1\">moteur de r\u00e9servation<\/a><\/span><\/strong><\/em><\/p>\n<table border=\"0\">\n<thead>\n<tr style=\"text-align: center;\">\n<td><\/td>\n<td><strong>Petit d\u00e9jeuner<br \/>\n<\/strong><\/td>\n<td><strong>Brasserie<br \/>\n<\/strong><\/td>\n<td><strong>Cuisine<br \/>\n<\/strong><\/td>\n<\/tr>\n<\/thead>\n<tbody>\n<tr>\n<td><strong>lundi<\/strong><\/td>\n<td style=\"text-align: center;\">7-10h<\/td>\n<td style=\"text-align: center;\">10-22h<\/td>\n<td style=\"text-align: center;\">11.30\u201320h<\/td>\n<\/tr>\n<tr>\n<td><strong>mardi<\/strong><\/td>\n<td style=\"text-align: center;\">7-10h<\/td>\n<td style=\"text-align: center;\">10-22h<\/td>\n<td style=\"text-align: center;\">11.30\u201320h<\/td>\n<\/tr>\n<tr>\n<td><strong>mercredi<\/strong><\/td>\n<td style=\"text-align: center;\">7-10h<\/td>\n<td style=\"text-align: center;\">10-22h<\/td>\n<td style=\"text-align: center;\">11.30\u201320h<\/td>\n<\/tr>\n<tr>\n<td><strong>jeudi<\/strong><\/td>\n<td style=\"text-align: center;\">7-10h<\/td>\n<td style=\"text-align: center;\">ferm\u00e9e<\/td>\n<td style=\"text-align: center;\">ferm\u00e9e<\/td>\n<\/tr>\n<tr>\n<td><strong>vendredi<\/strong><\/td>\n<td style=\"text-align: center;\">7-10h<\/td>\n<td style=\"text-align: center;\">10-22h<\/td>\n<td style=\"text-align: center;\">11.30\u201320h<\/td>\n<\/tr>\n<tr>\n<td><strong>samedi<\/strong><\/td>\n<td style=\"text-align: center;\">8-10h<\/td>\n<td style=\"text-align: center;\">10-22h<\/td>\n<td style=\"text-align: center;\">11.30\u201320h<\/td>\n<\/tr>\n<tr>\n<td><strong>dimanche<\/strong><\/td>\n<td style=\"text-align: center;\">8-10h<\/td>\n<td style=\"text-align: center;\">ferm\u00e9e<\/td>\n<td style=\"text-align: center;\">ferm\u00e9e<\/td>\n<\/tr>\n<\/tbody>\n<\/table>\n<p>&nbsp;<\/p>\n","protected":false},"excerpt":{"rendered":"<p>Tarifs des nuits, buffet de petit d\u00e9jeuner copieux compris. 1 personne \/ 1 nuit \u20ac115,00 par nuit ( buffet de petit d\u00e9jeuner compris) 2 personnes \/ 1 nuit \u20ac150,00 par nuit ( buffet de petit d\u00e9jeuner compris) enfant &lt; 2 ans \u20ac 20,00 par nuit enfant &lt; 12 ans \u20ac 30,00 par nuit Usage quotidien [&hellip;]<\/p>\n","protected":false},"author":1,"featured_media":0,"parent":0,"menu_order":5,"comment_status":"closed","ping_status":"closed","template":"","meta":{"ngg_post_thumbnail":0,"footnotes":""},"class_list":["post-325","page","type-page","status-publish","hentry"],"_links":{"self":[{"href":"https:\/\/hotelgrupello.be\/fr\/wp-json\/wp\/v2\/pages\/325","targetHints":{"allow":["GET"]}}],"collection":[{"href":"https:\/\/hotelgrupello.be\/fr\/wp-json\/wp\/v2\/pages"}],"about":[{"href":"https:\/\/hotelgrupello.be\/fr\/wp-json\/wp\/v2\/types\/page"}],"author":[{"embeddable":true,"href":"https:\/\/hotelgrupello.be\/fr\/wp-json\/wp\/v2\/users\/1"}],"replies":[{"embeddable":true,"href":"https:\/\/hotelgrupello.be\/fr\/wp-json\/wp\/v2\/comments?post=325"}],"version-history":[{"count":32,"href":"https:\/\/hotelgrupello.be\/fr\/wp-json\/wp\/v2\/pages\/325\/revisions"}],"predecessor-version":[{"id":1537,"href":"https:\/\/hotelgrupello.be\/fr\/wp-json\/wp\/v2\/pages\/325\/revisions\/1537"}],"wp:attachment":[{"href":"https:\/\/hotelgrupello.be\/fr\/wp-json\/wp\/v2\/media?parent=325"}],"curies":[{"name":"wp","href":"https:\/\/api.w.org\/{rel}","templated":true}]}}