{"id":318,"date":"2011-02-14T16:30:47","date_gmt":"2011-02-14T15:30:47","guid":{"rendered":"https:\/\/hotelgrupello.be\/"},"modified":"2025-10-20T19:47:43","modified_gmt":"2025-10-20T17:47:43","slug":"evenements","status":"publish","type":"page","link":"https:\/\/hotelgrupello.be\/fr\/evenements\/","title":{"rendered":"\u00c9v\u00e9nements"},"content":{"rendered":"<p><a href=\"http:\/\/www.visitgeraardsbergen.be\">www.visitgeraardsbergen.be<\/a><\/p>\n<p><a href=\"http:\/\/www.ccdeabdij.be\">www.ccdeabdij.be<\/a><\/p>\n<h2><\/h2>\n<h2>Premier prix de la brasserie d&rsquo;Orval<\/h2>\n<p>La Brasserie Grupello a remport\u00e9\u00a0au 2011\u00a0le premier prix de la brasserie d\u2019Orval, \u00e0 savoir le \u00ab\u00a0Magna Cum Laude\u00a0\u00bb. Nous avons m\u00e9rit\u00e9 cette tr\u00e8s grande distinction pour le BeNeLux parce que nous servons la d\u00e9licieuse bi\u00e8re d\u2019Orval \u00e0 nos clients dans les r\u00e8gles de l\u2019art.<\/p>\nngg_shortcode_0_placeholder\n<p>&nbsp;<\/p>\n","protected":false},"excerpt":{"rendered":"<p>www.visitgeraardsbergen.be www.ccdeabdij.be Premier prix de la brasserie d&rsquo;Orval La Brasserie Grupello a remport\u00e9\u00a0au 2011\u00a0le premier prix de la brasserie d\u2019Orval, \u00e0 savoir le \u00ab\u00a0Magna Cum Laude\u00a0\u00bb. Nous avons m\u00e9rit\u00e9 cette tr\u00e8s grande distinction pour le BeNeLux parce que nous servons la d\u00e9licieuse bi\u00e8re d\u2019Orval \u00e0 nos clients dans les r\u00e8gles de l\u2019art. &nbsp;<\/p>\n","protected":false},"author":1,"featured_media":0,"parent":0,"menu_order":7,"comment_status":"closed","ping_status":"closed","template":"","meta":{"ngg_post_thumbnail":0,"footnotes":""},"class_list":["post-318","page","type-page","status-publish","hentry"],"_links":{"self":[{"href":"https:\/\/hotelgrupello.be\/fr\/wp-json\/wp\/v2\/pages\/318","targetHints":{"allow":["GET"]}}],"collection":[{"href":"https:\/\/hotelgrupello.be\/fr\/wp-json\/wp\/v2\/pages"}],"about":[{"href":"https:\/\/hotelgrupello.be\/fr\/wp-json\/wp\/v2\/types\/page"}],"author":[{"embeddable":true,"href":"https:\/\/hotelgrupello.be\/fr\/wp-json\/wp\/v2\/users\/1"}],"replies":[{"embeddable":true,"href":"https:\/\/hotelgrupello.be\/fr\/wp-json\/wp\/v2\/comments?post=318"}],"version-history":[{"count":20,"href":"https:\/\/hotelgrupello.be\/fr\/wp-json\/wp\/v2\/pages\/318\/revisions"}],"predecessor-version":[{"id":864,"href":"https:\/\/hotelgrupello.be\/fr\/wp-json\/wp\/v2\/pages\/318\/revisions\/864"}],"wp:attachment":[{"href":"https:\/\/hotelgrupello.be\/fr\/wp-json\/wp\/v2\/media?parent=318"}],"curies":[{"name":"wp","href":"https:\/\/api.w.org\/{rel}","templated":true}]}}