{"id":316,"date":"2011-02-14T16:28:44","date_gmt":"2011-02-14T15:28:44","guid":{"rendered":"https:\/\/hotelgrupello.be\/"},"modified":"2022-02-02T09:33:05","modified_gmt":"2022-02-02T08:33:05","slug":"environnement","status":"publish","type":"page","link":"https:\/\/hotelgrupello.be\/fr\/environnement\/","title":{"rendered":"Environnement"},"content":{"rendered":"<p class=\"intro\">Profitez de votre s\u00e9jour \u00e0 Grammont, la perle des Ardennes flamandes.<\/p>\n<p>ngg_shortcode_0_placeholderGrammont est sans aucun doute la ville la plus \u00e9lev\u00e9e des Flandres, c\u00e9l\u00e8bre par son Mur, sa colline de l\u2019Oudenberg, son Manneke Pis, sans oublier sa tarte au maton. Gr\u00e2ce \u00e0 sa situation centrale \u00e0 proximit\u00e9 de la gare, l\u2019H\u00f4tel Grupello est le lieu de s\u00e9jour id\u00e9al pour les hommes d\u2019affaires.<\/p>\n<p>Les touristes qui visitent la perle des Ardennes flamandes profitent aussi d\u2019un s\u00e9jour agr\u00e9able chez nous.<\/p>\n<p><iframe loading=\"lazy\" title=\"Geraardsbergen, parel van zuid-Oost Vlaanderen\" width=\"500\" height=\"375\" src=\"https:\/\/www.youtube.com\/embed\/2bjHMKsoiAo?feature=oembed\" frameborder=\"0\" allow=\"accelerometer; autoplay; clipboard-write; encrypted-media; gyroscope; picture-in-picture; web-share\" referrerpolicy=\"strict-origin-when-cross-origin\" allowfullscreen><\/iframe><\/p>\n","protected":false},"excerpt":{"rendered":"<p>Profitez de votre s\u00e9jour \u00e0 Grammont, la perle des Ardennes flamandes. Grammont est sans aucun doute la ville la plus \u00e9lev\u00e9e des Flandres, c\u00e9l\u00e8bre par son Mur, sa colline de l\u2019Oudenberg, son Manneke Pis, sans oublier sa tarte au maton. Gr\u00e2ce \u00e0 sa situation centrale \u00e0 proximit\u00e9 de la gare, l\u2019H\u00f4tel Grupello est le lieu [&hellip;]<\/p>\n","protected":false},"author":1,"featured_media":0,"parent":0,"menu_order":3,"comment_status":"closed","ping_status":"closed","template":"","meta":{"ngg_post_thumbnail":0,"footnotes":""},"class_list":["post-316","page","type-page","status-publish","hentry"],"_links":{"self":[{"href":"https:\/\/hotelgrupello.be\/fr\/wp-json\/wp\/v2\/pages\/316","targetHints":{"allow":["GET"]}}],"collection":[{"href":"https:\/\/hotelgrupello.be\/fr\/wp-json\/wp\/v2\/pages"}],"about":[{"href":"https:\/\/hotelgrupello.be\/fr\/wp-json\/wp\/v2\/types\/page"}],"author":[{"embeddable":true,"href":"https:\/\/hotelgrupello.be\/fr\/wp-json\/wp\/v2\/users\/1"}],"replies":[{"embeddable":true,"href":"https:\/\/hotelgrupello.be\/fr\/wp-json\/wp\/v2\/comments?post=316"}],"version-history":[{"count":6,"href":"https:\/\/hotelgrupello.be\/fr\/wp-json\/wp\/v2\/pages\/316\/revisions"}],"predecessor-version":[{"id":1282,"href":"https:\/\/hotelgrupello.be\/fr\/wp-json\/wp\/v2\/pages\/316\/revisions\/1282"}],"wp:attachment":[{"href":"https:\/\/hotelgrupello.be\/fr\/wp-json\/wp\/v2\/media?parent=316"}],"curies":[{"name":"wp","href":"https:\/\/api.w.org\/{rel}","templated":true}]}}