{"id":280,"date":"2011-02-09T16:54:32","date_gmt":"2011-02-09T15:54:32","guid":{"rendered":"https:\/\/hotelgrupello.be\/"},"modified":"2026-04-08T16:19:08","modified_gmt":"2026-04-08T14:19:08","slug":"brasserie","status":"publish","type":"page","link":"https:\/\/hotelgrupello.be\/fr\/brasserie\/","title":{"rendered":"Brasserie"},"content":{"rendered":"<p class=\"intro\">La brasserie vous offre un service excellent dans une ambiance chaleureuse.<\/p>\n<p>ngg_shortcode_0_placeholderLa brasserie de style Art Nouveau est enti\u00e8rement authentique. Vous y serez servi avec amabilit\u00e9 et professionnalisme. La carte, vari\u00e9e, se compose de d\u00e9licieux mets cr\u00e9atifs, snacks, boissons et bi\u00e8res artisanales.<\/p>\n<p>&nbsp;<\/p>\n<p><b>Nouveaux horaires d&rsquo;ouverture de la Brasserie Grupello!<\/b><\/p>\n<p>&nbsp;<\/p>\n<table style=\"width: 408px;\" border=\"0\">\n<thead>\n<tr>\n<td style=\"width: 82px;\"><\/td>\n<td style=\"width: 117px;\"><strong>Petit d\u00e9jeuner <\/strong><\/td>\n<td style=\"width: 79px;\"><strong>Brasserie <\/strong><\/td>\n<td style=\"width: 108px;\"><strong>\u00a0 \u00a0Cuisine <\/strong><\/td>\n<\/tr>\n<\/thead>\n<tbody>\n<tr>\n<td style=\"width: 82px;\"><strong>lundi<\/strong><\/td>\n<td style=\"width: 117px;\">\u00a0 \u00a07\u201310h<\/td>\n<td style=\"width: 79px;\">\u00a0 10\u201322h<\/td>\n<td style=\"width: 108px;\">\u00a0 \u00a011.30\u201320h<\/td>\n<\/tr>\n<tr>\n<td style=\"width: 82px;\"><strong>mardi<\/strong><\/td>\n<td style=\"width: 117px;\">\u00a0 \u00a07\u201310h<\/td>\n<td style=\"width: 79px;\">\u00a0 10\u201322h<\/td>\n<td style=\"width: 108px;\">\u00a0 \u00a011.30\u201320h<\/td>\n<\/tr>\n<tr>\n<td style=\"width: 82px;\"><strong>mercredi<\/strong><\/td>\n<td style=\"width: 117px;\">\u00a0 \u00a07\u201310h<\/td>\n<td style=\"width: 79px;\">\u00a0 10\u201322h<\/td>\n<td style=\"width: 108px;\">\u00a0 \u00a011.30\u201320h<\/td>\n<\/tr>\n<tr>\n<td style=\"width: 82px;\"><strong>jeudi<\/strong><\/td>\n<td style=\"width: 117px;\">\u00a0 \u00a07\u201310h<\/td>\n<td style=\"width: 79px;\">\u00a0 ferm\u00e9e<\/td>\n<td style=\"width: 108px;\">\u00a0 \u00a0ferm\u00e9e<\/td>\n<\/tr>\n<tr>\n<td style=\"width: 82px;\"><strong>vendredi<\/strong><\/td>\n<td style=\"width: 117px;\">\u00a0 \u00a07\u201310h<\/td>\n<td style=\"width: 79px;\">\u00a0 10\u201322h<\/td>\n<td style=\"width: 108px;\">\u00a0 \u00a011.30\u201320h<\/td>\n<\/tr>\n<tr>\n<td style=\"width: 82px;\"><strong>samedi<\/strong><\/td>\n<td style=\"width: 117px;\">\u00a0 \u00a08\u201310h<\/td>\n<td style=\"width: 79px;\">\u00a0 10\u201322h<\/td>\n<td style=\"width: 108px;\">\u00a0 \u00a011.30\u201320h<\/td>\n<\/tr>\n<tr>\n<td style=\"width: 82px;\"><strong>dimanche<\/strong><\/td>\n<td style=\"width: 117px;\">\u00a0 \u00a08\u201310h<\/td>\n<td style=\"width: 79px;\">\u00a0 ferm\u00e9e<\/td>\n<td style=\"width: 108px;\">\u00a0 \u00a0ferm\u00e9e<\/td>\n<\/tr>\n<\/tbody>\n<\/table>\n<p>&nbsp;<\/p>\n<p>Mais\u2026 si notre \u00e9tablissement est vide et que nous sommes fatigu\u00e9s, nous fermons notre porte un peu plus t\u00f4t !<\/p>\n<h2 data-start=\"178\" data-end=\"208\"><\/h2>\n<h2 data-start=\"178\" data-end=\"208\"><strong data-start=\"181\" data-end=\"208\">MENU BRASSERIE GRUPELLO<\/strong><\/h2>\n<h3 data-start=\"210\" data-end=\"226\"><strong data-start=\"214\" data-end=\"224\">CR\u00caPES ET GAUFRES<\/strong><\/h3>\n<p data-start=\"227\" data-end=\"250\"><em data-start=\"227\" data-end=\"250\">Servi de 14h \u00e0 18h<\/em><\/p>\n<p data-start=\"252\" data-end=\"480\"><strong data-start=\"252\" data-end=\"268\">Garnitures :<\/strong><br data-start=\"268\" data-end=\"271\" \/>Sucre \/ Beurre \/ Sirop de candi \/ Confiture \/ P\u00e2te \u00e0 tartiner au chocolat \/ Glace \/ Cr\u00e8me chantilly \/ Sauce au chocolat \/ Mikado \/ Fraises \/ Avocat (liqueur aux \u0153ufs) \/ Grand Marnier \/ Banane \/ Pomme \/ \u2026<\/p>\n<hr data-start=\"482\" data-end=\"485\" \/>\n<h3 data-start=\"487\" data-end=\"531\"><strong data-start=\"491\" data-end=\"531\">LARGE CHOIX DE TAPAS \/ AMUSE-BOUCHES<\/strong><\/h3>\n<h3 data-start=\"533\" data-end=\"564\"><\/h3>\n<h3 data-start=\"533\" data-end=\"564\"><strong data-start=\"537\" data-end=\"562\">SOUPE DU JOUR FRA\u00ceCHE<\/strong><\/h3>\n<p data-start=\"565\" data-end=\"634\">Soupe maison du jour servie avec pain, beurre, biscotte et cro\u00fbtons<\/p>\n<hr data-start=\"636\" data-end=\"639\" \/>\n<h3 data-start=\"641\" data-end=\"671\"><strong data-start=\"645\" data-end=\"671\">CROQUETTES ARTISANALES<\/strong><\/h3>\n<p data-start=\"673\" data-end=\"817\">Croquettes de crevettes grises (2 ou 3 pcs)<br data-start=\"716\" data-end=\"719\" \/>Croquettes de fromage \u00ab Vieux Bruges \u00bb (2 ou 3 pcs)<br data-start=\"770\" data-end=\"773\" \/>Duo croquette fromage &amp; croquette crevette<\/p>\n<hr data-start=\"819\" data-end=\"822\" \/>\n<h3 data-start=\"824\" data-end=\"856\"><strong data-start=\"828\" data-end=\"856\">CROQUES (TOASTS GRILL\u00c9S)<\/strong><\/h3>\n<p data-start=\"858\" data-end=\"1081\">Croque \u201cGrupello\u201d (avec \u0153uf sur le plat et lard Breydel)<br data-start=\"914\" data-end=\"917\" \/>Croque jambon-fromage<br data-start=\"938\" data-end=\"941\" \/>Croque au fromage<br data-start=\"958\" data-end=\"961\" \/>Croque \u201cHawa\u00ef\u201d (avec ananas)<br data-start=\"989\" data-end=\"992\" \/>Croque \u201cSp\u00e9cial\u201d (avec sauce spaghetti)<br data-start=\"1031\" data-end=\"1034\" \/>Croque \u201cMadame\u201d (avec double \u0153uf sur le plat)<\/p>\n<hr data-start=\"1083\" data-end=\"1086\" \/>\n<h3 data-start=\"1088\" data-end=\"1114\"><strong data-start=\"1092\" data-end=\"1114\">SALADES GOURMANDES<\/strong><\/h3>\n<p data-start=\"1116\" data-end=\"1318\">Salade au fromage de ch\u00e8vre et pommes caram\u00e9lis\u00e9es (2 ou 3 tailles)<br data-start=\"1183\" data-end=\"1186\" \/>Salade \u201cGrupello\u201d \u2013 m\u00e9lange de salade, lard Breydel, p\u00e2tes et jambon de For\u00eat-Noire<br data-start=\"1286\" data-end=\"1289\" \/>Salade C\u00e9sar au poulet r\u00f4ti<\/p>\n<hr data-start=\"1320\" data-end=\"1323\" \/>\n<h3 data-start=\"1325\" data-end=\"1338\"><strong data-start=\"1329\" data-end=\"1338\">P\u00c2TES<\/strong><\/h3>\n<p data-start=\"1340\" data-end=\"1395\">Spaghetti Bolognaise<br data-start=\"1360\" data-end=\"1363\" \/>Lasagne<br data-start=\"1370\" data-end=\"1373\" \/>Lasagne v\u00e9g\u00e9tarienne<\/p>\n<hr data-start=\"1397\" data-end=\"1400\" \/>\n<h3 data-start=\"1402\" data-end=\"1424\"><strong data-start=\"1406\" data-end=\"1424\">PLATS FLAMANDS<\/strong><\/h3>\n<p data-start=\"1426\" data-end=\"1537\">Carbonnade flamande (b\u0153uf mijot\u00e9 \u00e0 la bi\u00e8re)<br data-start=\"1470\" data-end=\"1473\" \/>Vol-au-vent (bouch\u00e9e \u00e0 la reine)<br data-start=\"1505\" data-end=\"1508\" \/>Boulettes \u00e0 la sauce tomate<\/p>\n<hr data-start=\"1539\" data-end=\"1542\" \/>\n<h3 data-start=\"1544\" data-end=\"1568\"><strong data-start=\"1548\" data-end=\"1568\">PLATS DE POISSON<\/strong><\/h3>\n<p data-start=\"1570\" data-end=\"1685\">Toast au saumon fum\u00e9 artisanal, cr\u00e8me aigre et aneth<br data-start=\"1622\" data-end=\"1625\" \/>Scampis au beurre \u00e0 l\u2019ail (10 pcs)<\/p>\n<hr data-start=\"1687\" data-end=\"1690\" \/>\n<h3 data-start=\"40\" data-end=\"68\"><strong>NOS SP\u00c9CIALIT\u00c9S GRILL\u00c9ES<\/strong><\/h3>\n<p data-start=\"70\" data-end=\"239\">Filet mignon grill\u00e9 nature<br data-start=\"96\" data-end=\"99\" \/>ou avec beurre aux herbes fra\u00eeches \/ sauce cr\u00e8me aux champignons \/ champignons saut\u00e9s \/ sauce au poivre \/ sauce Grupello \/ sauce b\u00e9arnaise<\/p>\n<p data-start=\"241\" data-end=\"418\">Brochette de poulet grill\u00e9e nature<br data-start=\"275\" data-end=\"278\" \/>ou avec beurre aux herbes fra\u00eeches \/ sauce cr\u00e8me aux champignons \/ champignons saut\u00e9s \/ sauce au poivre \/ sauce Grupello \/ sauce b\u00e9arnaise<\/p>\n<p data-start=\"420\" data-end=\"595\">Brochette de porc grill\u00e9e nature<br data-start=\"452\" data-end=\"455\" \/>ou avec beurre aux herbes fra\u00eeches \/ sauce cr\u00e8me aux champignons \/ champignons saut\u00e9s \/ sauce au poivre \/ sauce Grupello \/ sauce b\u00e9arnaise<\/p>\n<hr data-start=\"597\" data-end=\"600\" \/>\n<h3 data-start=\"2000\" data-end=\"2036\"><strong data-start=\"2004\" data-end=\"2036\">NOS SUGGESTIONS<\/strong><\/h3>\n<p data-start=\"623\" data-end=\"969\">Burger Grupello<br data-start=\"638\" data-end=\"641\" \/>Roulades de sole sauce au vin blanc<br data-start=\"676\" data-end=\"679\" \/>Roulades de sole sauce \u00e0 l\u2019estragon<br data-start=\"714\" data-end=\"717\" \/>Scampis Grupello<br data-start=\"733\" data-end=\"736\" \/>Scampis diaboliques<br data-start=\"755\" data-end=\"758\" \/>Asperges \u00e0 la Flamande<br data-start=\"780\" data-end=\"783\" \/>Asperges au saumon fum\u00e9 et sauce mousseline<br data-start=\"826\" data-end=\"829\" \/>Entrec\u00f4te Irlandaise 300 g grill\u00e9e nature \/ beurre aux herbes \/ sauce Grupello \/ b\u00e9arnaise \/ sauce au poivre \/ sauce cr\u00e8me aux champignons<\/p>\n<hr data-start=\"1995\" data-end=\"1998\" \/>\n<h3 data-start=\"2000\" data-end=\"2036\"><strong data-start=\"2004\" data-end=\"2036\">MENU ENFANT (JUSQU\u2019\u00c0 12 ANS)<\/strong><\/h3>\n<p data-start=\"2038\" data-end=\"2249\">Croque enfant<br data-start=\"2051\" data-end=\"2054\" \/>Croque Sp\u00e9cial enfant<br data-start=\"2075\" data-end=\"2078\" \/>Croque Hawa\u00ef enfant<br data-start=\"2097\" data-end=\"2100\" \/>Croque Madame enfant<br data-start=\"2120\" data-end=\"2123\" \/>Spaghetti enfant<br data-start=\"2139\" data-end=\"2142\" \/>Lasagne enfant<br data-start=\"2156\" data-end=\"2159\" \/>Lasagne v\u00e9g\u00e9tarienne enfant<br data-start=\"2186\" data-end=\"2189\" \/>Carbonnade flamande<br data-start=\"2208\" data-end=\"2211\" \/>Vol-au-vent<br data-start=\"2222\" data-end=\"2225\" \/>Boulettes sauce tomate<\/p>\n<p data-start=\"2251\" data-end=\"2519\">Assiette de frites<br data-start=\"2269\" data-end=\"2272\" \/>Frites avec mini-fricadelles<br data-start=\"2300\" data-end=\"2303\" \/>Frites avec boules am\u00e8res<br data-start=\"2327\" data-end=\"2330\" \/>Frites avec pilons de poulet<br data-start=\"2358\" data-end=\"2361\" \/>Frites avec nuggets de poulet<br data-start=\"2390\" data-end=\"2393\" \/>Frites avec b\u00e2tonnets de poisson &amp; sauce tartare<br data-start=\"2441\" data-end=\"2444\" \/>1 croquette de crevettes avec frites<br data-start=\"2480\" data-end=\"2483\" \/>1 croquette de fromage avec frites<\/p>\n<hr data-start=\"2521\" data-end=\"2524\" \/>\n<h3 data-start=\"2526\" data-end=\"2540\"><strong data-start=\"2530\" data-end=\"2540\">GLACES<\/strong><\/h3>\n<p data-start=\"2542\" data-end=\"2877\">Coupe Dame Blanche (glace vanille, sauce chocolat chaud et chantilly)<br data-start=\"2611\" data-end=\"2614\" \/>Coupe Dame Noire (glace chocolat &amp; sauce chocolat)<br data-start=\"2664\" data-end=\"2667\" \/>Coupe Br\u00e9silienne (glace vanille, sauce caramel &amp; noix)<br data-start=\"2722\" data-end=\"2725\" \/>Coupe Banana Split<br data-start=\"2743\" data-end=\"2746\" \/>Coupe aux fruits frais<br data-start=\"2768\" data-end=\"2771\" \/>Coupe aux fraises fra\u00eeches (saison)<br data-start=\"2806\" data-end=\"2809\" \/>Coupe Avocat<br data-start=\"2823\" data-end=\"2826\" \/>Caf\u00e9 glac\u00e9<br data-start=\"2836\" data-end=\"2839\" \/>Glace \u00e9galement disponible en cornet<\/p>\n<hr data-start=\"2879\" data-end=\"2882\" \/>\n<h3 data-start=\"2884\" data-end=\"2902\"><strong data-start=\"2888\" data-end=\"2902\">MILKSHAKES<\/strong><\/h3>\n<p data-start=\"2904\" data-end=\"2959\">Vanille \/ Chocolat \/ Moka \/ Caramel \/ Fraise \/ Banane<\/p>\n<hr data-start=\"2961\" data-end=\"2964\" \/>\n<h3 data-start=\"2966\" data-end=\"2993\"><strong data-start=\"2970\" data-end=\"2993\">ASSIETTES DE FRUITS<\/strong><\/h3>\n<p data-start=\"2995\" data-end=\"3061\">Assiette de fruits frais<br data-start=\"3019\" data-end=\"3022\" \/>Assiette de fraises fra\u00eeches (saison)<\/p>\n<hr data-start=\"3063\" data-end=\"3066\" \/>\n<h3 data-start=\"3068\" data-end=\"3084\"><strong data-start=\"3072\" data-end=\"3084\">DESSERTS<\/strong><\/h3>\n<p data-start=\"3086\" data-end=\"3255\">Moelleux au chocolat chaud avec glace<br data-start=\"3123\" data-end=\"3126\" \/>Mousse au chocolat<br data-start=\"3144\" data-end=\"3147\" \/>Profiteroles avec glace &amp; sauce chocolat chaud<br data-start=\"3193\" data-end=\"3196\" \/>Coupe Colonel au Limoncello<br data-start=\"3223\" data-end=\"3226\" \/>Sorbet citron au Limoncello<\/p>\n<hr data-start=\"3257\" data-end=\"3260\" \/>\n<h3 data-start=\"3262\" data-end=\"3282\"><strong data-start=\"3266\" data-end=\"3282\">TARTE MAISON<\/strong><\/h3>\n<p data-start=\"3284\" data-end=\"3340\">Tarte normande aux pommes artisanale<br data-start=\"3320\" data-end=\"3323\" \/>Tarte au citron<\/p>\n<p>&nbsp;<\/p>\n<p>&nbsp;<\/p>\n<p>&nbsp;<\/p>\n<p>&nbsp;<\/p>\n","protected":false},"excerpt":{"rendered":"<p>La brasserie vous offre un service excellent dans une ambiance chaleureuse. La brasserie de style Art Nouveau est enti\u00e8rement authentique. Vous y serez servi avec amabilit\u00e9 et professionnalisme. La carte, vari\u00e9e, se compose de d\u00e9licieux mets cr\u00e9atifs, snacks, boissons et bi\u00e8res artisanales. &nbsp; Nouveaux horaires d&rsquo;ouverture de la Brasserie Grupello! &nbsp; Petit d\u00e9jeuner Brasserie \u00a0 [&hellip;]<\/p>\n","protected":false},"author":1,"featured_media":0,"parent":0,"menu_order":2,"comment_status":"closed","ping_status":"closed","template":"","meta":{"ngg_post_thumbnail":0,"footnotes":""},"class_list":["post-280","page","type-page","status-publish","hentry"],"_links":{"self":[{"href":"https:\/\/hotelgrupello.be\/fr\/wp-json\/wp\/v2\/pages\/280","targetHints":{"allow":["GET"]}}],"collection":[{"href":"https:\/\/hotelgrupello.be\/fr\/wp-json\/wp\/v2\/pages"}],"about":[{"href":"https:\/\/hotelgrupello.be\/fr\/wp-json\/wp\/v2\/types\/page"}],"author":[{"embeddable":true,"href":"https:\/\/hotelgrupello.be\/fr\/wp-json\/wp\/v2\/users\/1"}],"replies":[{"embeddable":true,"href":"https:\/\/hotelgrupello.be\/fr\/wp-json\/wp\/v2\/comments?post=280"}],"version-history":[{"count":29,"href":"https:\/\/hotelgrupello.be\/fr\/wp-json\/wp\/v2\/pages\/280\/revisions"}],"predecessor-version":[{"id":1527,"href":"https:\/\/hotelgrupello.be\/fr\/wp-json\/wp\/v2\/pages\/280\/revisions\/1527"}],"wp:attachment":[{"href":"https:\/\/hotelgrupello.be\/fr\/wp-json\/wp\/v2\/media?parent=280"}],"curies":[{"name":"wp","href":"https:\/\/api.w.org\/{rel}","templated":true}]}}