{"id":269,"date":"2011-02-09T16:51:07","date_gmt":"2011-02-09T15:51:07","guid":{"rendered":"https:\/\/hotelgrupello.be\/"},"modified":"2022-02-02T09:10:00","modified_gmt":"2022-02-02T08:10:00","slug":"chambres-petit-dejeuner","status":"publish","type":"page","link":"https:\/\/hotelgrupello.be\/fr\/chambres-petit-dejeuner\/","title":{"rendered":"Chambres \/ petit d\u00e9jeuner"},"content":{"rendered":"<p class=\"intro\">Nos clients ont acc\u00e8s \u00e0 un buffet de petit d\u00e9jeuner copieux avec des produits frais du jour dans un cadre accueillant.<\/p>\n<p>ngg_shortcode_0_placeholderQue ce soit pour vos s\u00e9jours priv\u00e9s ou professionnels, l\u2019h\u00f4tel Grupello vous propose des chambres&nbsp; confortables aux luxueuses salles de bains.&nbsp; Le&nbsp;buffet petit-d\u00e9jeuner est copieux et vari\u00e9 et a pour cadre la magnifique salle de style Art Nouveau.<\/p>\n<p><strong>Internet sans fil gratuit&nbsp;!<\/strong><\/p>\n","protected":false},"excerpt":{"rendered":"<p>Nos clients ont acc\u00e8s \u00e0 un buffet de petit d\u00e9jeuner copieux avec des produits frais du jour dans un cadre accueillant. Que ce soit pour vos s\u00e9jours priv\u00e9s ou professionnels, l\u2019h\u00f4tel Grupello vous propose des chambres&nbsp; confortables aux luxueuses salles de bains.&nbsp; Le&nbsp;buffet petit-d\u00e9jeuner est copieux et vari\u00e9 et a pour cadre la magnifique salle [&hellip;]<\/p>\n","protected":false},"author":1,"featured_media":0,"parent":0,"menu_order":1,"comment_status":"closed","ping_status":"closed","template":"","meta":{"ngg_post_thumbnail":0,"footnotes":""},"class_list":["post-269","page","type-page","status-publish","hentry"],"_links":{"self":[{"href":"https:\/\/hotelgrupello.be\/fr\/wp-json\/wp\/v2\/pages\/269","targetHints":{"allow":["GET"]}}],"collection":[{"href":"https:\/\/hotelgrupello.be\/fr\/wp-json\/wp\/v2\/pages"}],"about":[{"href":"https:\/\/hotelgrupello.be\/fr\/wp-json\/wp\/v2\/types\/page"}],"author":[{"embeddable":true,"href":"https:\/\/hotelgrupello.be\/fr\/wp-json\/wp\/v2\/users\/1"}],"replies":[{"embeddable":true,"href":"https:\/\/hotelgrupello.be\/fr\/wp-json\/wp\/v2\/comments?post=269"}],"version-history":[{"count":9,"href":"https:\/\/hotelgrupello.be\/fr\/wp-json\/wp\/v2\/pages\/269\/revisions"}],"predecessor-version":[{"id":1266,"href":"https:\/\/hotelgrupello.be\/fr\/wp-json\/wp\/v2\/pages\/269\/revisions\/1266"}],"wp:attachment":[{"href":"https:\/\/hotelgrupello.be\/fr\/wp-json\/wp\/v2\/media?parent=269"}],"curies":[{"name":"wp","href":"https:\/\/api.w.org\/{rel}","templated":true}]}}