{"id":429,"date":"2011-02-14T17:41:41","date_gmt":"2011-02-14T16:41:41","guid":{"rendered":"https:\/\/hotelgrupello.be\/"},"modified":"2026-04-08T19:25:13","modified_gmt":"2026-04-08T17:25:13","slug":"preise","status":"publish","type":"page","link":"https:\/\/hotelgrupello.be\/de\/preise\/","title":{"rendered":"Preise"},"content":{"rendered":"<p class=\"intro\"><!-- @font-face { font-family: \"Arial\"; }@font-face { font-family: \"Cambria Math\"; }@font-face { font-family: \"Cambria\"; }@font-face { font-family: \"MS Mincho\"; }p.MsoNormal, li.MsoNormal, div.MsoNormal { margin: 0cm 0cm 0.0001pt; font-size: 11pt; font-family: Arial; }.MsoChpDefault { font-size: 10pt; font-family: Cambria; }div.WordSection1 { page: WordSection1; } --> \u00dcbernachtung inklusive reichhaltigem Fr\u00fchst\u00fccksbuffet<\/p>\n<table border=\"0\">\n<tbody>\n<tr>\n<td><!-- @font-face { font-family: \"Arial\"; }@font-face { font-family: \"Cambria Math\"; }@font-face { font-family: \"Cambria\"; }@font-face { font-family: \"MS Mincho\"; }p.MsoNormal, li.MsoNormal, div.MsoNormal { margin: 0cm 0cm 0.0001pt; font-size: 11pt; font-family: Arial; }.MsoChpDefault { font-size: 10pt; font-family: Cambria; }div.WordSection1 { page: WordSection1; } --> <strong>1 Person\/1 Nacht<\/strong><\/td>\n<td style=\"text-align: right;\">\u20ac115,00 pro Nacht (einschl. Fr\u00fchst\u00fccksbuffet)<\/td>\n<\/tr>\n<tr>\n<td><!-- @font-face { font-family: \"Arial\"; }@font-face { font-family: \"Cambria Math\"; }@font-face { font-family: \"Cambria\"; }@font-face { font-family: \"MS Mincho\"; }p.MsoNormal, li.MsoNormal, div.MsoNormal { margin: 0cm 0cm 0.0001pt; font-size: 11pt; font-family: Arial; }.MsoChpDefault { font-size: 10pt; font-family: Cambria; }div.WordSection1 { page: WordSection1; } --> <strong>2 Person\/1 Nacht<\/strong><\/td>\n<td style=\"text-align: right;\">\u20ac150,00 pro Nacht (einschl. Fr\u00fchst\u00fccksbuffet)<\/td>\n<\/tr>\n<tr>\n<td><!-- @font-face { font-family: \"Arial\"; }@font-face { font-family: \"Cambria Math\"; }@font-face { font-family: \"Cambria\"; }@font-face { font-family: \"MS Mincho\"; }p.MsoNormal, li.MsoNormal, div.MsoNormal { margin: 0cm 0cm 0.0001pt; font-size: 11pt; font-family: Arial; }.MsoChpDefault { font-size: 10pt; font-family: Cambria; }div.WordSection1 { page: WordSection1; } --> <strong>Kind &lt; 2 Jahre<\/strong><\/td>\n<td style=\"text-align: right;\"><!-- @font-face { font-family: \"Arial\"; }@font-face { font-family: \"Cambria Math\"; }@font-face { font-family: \"Cambria\"; }@font-face { font-family: \"MS Mincho\"; }p.MsoNormal, li.MsoNormal, div.MsoNormal { margin: 0cm 0cm 0.0001pt; font-size: 11pt; font-family: Arial; }.MsoChpDefault { font-size: 10pt; font-family: Cambria; }div.WordSection1 { page: WordSection1; } --> 20,00 \u20ac pro Nacht<\/td>\n<\/tr>\n<tr>\n<td><!-- @font-face { font-family: \"Arial\"; }@font-face { font-family: \"Cambria Math\"; }@font-face { font-family: \"Cambria\"; }@font-face { font-family: \"MS Mincho\"; }p.MsoNormal, li.MsoNormal, div.MsoNormal { margin: 0cm 0cm 0.0001pt; font-size: 11pt; font-family: Arial; }.MsoChpDefault { font-size: 10pt; font-family: Cambria; }div.WordSection1 { page: WordSection1; } --> <strong>Kind &lt; 12 Jahre<\/strong><\/td>\n<td style=\"text-align: right;\"><!-- @font-face { font-family: \"Arial\"; }@font-face { font-family: \"Cambria Math\"; }@font-face { font-family: \"Cambria\"; }@font-face { font-family: \"MS Mincho\"; }p.MsoNormal, li.MsoNormal, div.MsoNormal { margin: 0cm 0cm 0.0001pt; font-size: 11pt; font-family: Arial; }.MsoChpDefault { font-size: 10pt; font-family: Cambria; }div.WordSection1 { page: WordSection1; } --> 30,00 \u20ac pro Nacht<\/td>\n<\/tr>\n<\/tbody>\n<\/table>\n<p style=\"margin-bottom: 40px;\"><!-- @font-face { font-family: \"Arial\"; }@font-face { font-family: \"Cambria Math\"; }@font-face { font-family: \"Cambria\"; }@font-face { font-family: \"MS Mincho\"; }p.MsoNormal, li.MsoNormal, div.MsoNormal { margin: 0cm 0cm 0.0001pt; font-size: 11pt; font-family: Arial; }.MsoChpDefault { font-size: 10pt; font-family: Cambria; }div.WordSection1 { page: WordSection1; } --> Am Ende des Aufenthalts das Zimmer bitte bis 11 Uhr frei machen.<\/p>\n<p id=\"tw-target-text\" class=\"tw-data-text tw-ta tw-text-small\" dir=\"ltr\" data-placeholder=\"Translation\"><em><strong><span lang=\"de\">Die Preise k\u00f6nnen je nach Zeitraum und \/ oder der Jahreszeit variieren. F\u00fcr den genauen Preis k\u00f6nnen Sie bei unserer <a href=\"http:\/\/www.securereservations.eu\/hotels_search\/search_hotels.asp?hotelid=686&amp;taal=nl&amp;booktemplate=1\">Buchungsmaschine<\/a> aussehen<\/span><\/strong><\/em><\/p>\n<table style=\"width: 72.2961%; height: 231px;\" border=\"0\">\n<thead>\n<tr style=\"text-align: center;\">\n<td style=\"width: 24.7549%;\"><\/td>\n<td style=\"width: 26.7157%;\"><!-- @font-face { font-family: \"Arial\"; }@font-face { font-family: \"Cambria Math\"; }@font-face { font-family: \"Cambria\"; }@font-face { font-family: \"MS Mincho\"; }p.MsoNormal, li.MsoNormal, div.MsoNormal { margin: 0cm 0cm 0.0001pt; font-size: 11pt; font-family: Arial; }.MsoChpDefault { font-size: 10pt; font-family: Cambria; }div.WordSection1 { page: WordSection1; } --> <strong>Fr\u00fchst\u00fccken<\/strong><\/td>\n<td style=\"width: 21.5686%;\"><strong>Brasserie<br \/>\n<\/strong><\/td>\n<td style=\"width: 24.0196%;\"><!-- @font-face { font-family: \"Arial\"; }@font-face { font-family: \"Cambria Math\"; }@font-face { font-family: \"Cambria\"; }@font-face { font-family: \"MS Mincho\"; }p.MsoNormal, li.MsoNormal, div.MsoNormal { margin: 0cm 0cm 0.0001pt; font-size: 11pt; font-family: Arial; }.MsoChpDefault { font-size: 10pt; font-family: Cambria; }div.WordSection1 { page: WordSection1; } --> <strong>K\u00fcche<\/strong><\/td>\n<\/tr>\n<\/thead>\n<tbody>\n<tr>\n<td style=\"width: 24.7549%;\"><!-- @font-face { font-family: \"Arial\"; }@font-face { font-family: \"Cambria Math\"; }@font-face { font-family: \"Cambria\"; }@font-face { font-family: \"MS Mincho\"; }p.MsoNormal, li.MsoNormal, div.MsoNormal { margin: 0cm 0cm 0.0001pt; font-size: 11pt; font-family: Arial; }.MsoChpDefault { font-size: 10pt; font-family: Cambria; }div.WordSection1 { page: WordSection1; } --> <strong>Montag<\/strong><\/td>\n<td style=\"text-align: center; width: 26.7157%;\"><!-- @font-face { font-family: \"Arial\"; }@font-face { font-family: \"Cambria Math\"; }@font-face { font-family: \"Cambria\"; }@font-face { font-family: \"MS Mincho\"; }p.MsoNormal, li.MsoNormal, div.MsoNormal { margin: 0cm 0cm 0.0001pt; font-size: 11pt; font-family: Arial; }.MsoChpDefault { font-size: 10pt; font-family: Cambria; }div.WordSection1 { page: WordSection1; } --> 7-10 Uhr<\/td>\n<td style=\"text-align: center; width: 21.5686%;\"><!-- @font-face { font-family: \"Arial\"; }@font-face { font-family: \"Cambria Math\"; }@font-face { font-family: \"Cambria\"; }@font-face { font-family: \"MS Mincho\"; }p.MsoNormal, li.MsoNormal, div.MsoNormal { margin: 0cm 0cm 0.0001pt; font-size: 11pt; font-family: Arial; }.MsoChpDefault { font-size: 10pt; font-family: Cambria; }div.WordSection1 { page: WordSection1; } --> 10-22 Uhr<\/td>\n<td style=\"text-align: center; width: 24.0196%;\">11.30\u201320 Uhr<\/td>\n<\/tr>\n<tr>\n<td style=\"width: 24.7549%;\"><!-- @font-face { font-family: \"Arial\"; }@font-face { font-family: \"Cambria Math\"; }@font-face { font-family: \"Cambria\"; }@font-face { font-family: \"MS Mincho\"; }p.MsoNormal, li.MsoNormal, div.MsoNormal { margin: 0cm 0cm 0.0001pt; font-size: 11pt; font-family: Arial; }.MsoChpDefault { font-size: 10pt; font-family: Cambria; }div.WordSection1 { page: WordSection1; } --> <strong>Dienstag<\/strong><\/td>\n<td style=\"text-align: center; width: 26.7157%;\"><!-- @font-face { font-family: \"Arial\"; }@font-face { font-family: \"Cambria Math\"; }@font-face { font-family: \"Cambria\"; }@font-face { font-family: \"MS Mincho\"; }p.MsoNormal, li.MsoNormal, div.MsoNormal { margin: 0cm 0cm 0.0001pt; font-size: 11pt; font-family: Arial; }.MsoChpDefault { font-size: 10pt; font-family: Cambria; }div.WordSection1 { page: WordSection1; } --> 7-10 Uhr<\/td>\n<td style=\"text-align: center; width: 21.5686%;\">10-22 Uhr<\/td>\n<td style=\"text-align: center; width: 24.0196%;\">11.30\u201320 Uhr<\/td>\n<\/tr>\n<tr>\n<td style=\"width: 24.7549%;\"><!-- @font-face { font-family: \"Arial\"; }@font-face { font-family: \"Cambria Math\"; }@font-face { font-family: \"Cambria\"; }@font-face { font-family: \"MS Mincho\"; }p.MsoNormal, li.MsoNormal, div.MsoNormal { margin: 0cm 0cm 0.0001pt; font-size: 11pt; font-family: Arial; }.MsoChpDefault { font-size: 10pt; font-family: Cambria; }div.WordSection1 { page: WordSection1; } --> <strong>Mittwoch<\/strong><\/td>\n<td style=\"text-align: center; width: 26.7157%;\"><!-- @font-face { font-family: \"Arial\"; }@font-face { font-family: \"Cambria Math\"; }@font-face { font-family: \"Cambria\"; }@font-face { font-family: \"MS Mincho\"; }p.MsoNormal, li.MsoNormal, div.MsoNormal { margin: 0cm 0cm 0.0001pt; font-size: 11pt; font-family: Arial; }.MsoChpDefault { font-size: 10pt; font-family: Cambria; }div.WordSection1 { page: WordSection1; } --> 7-10 Uhr<\/td>\n<td style=\"text-align: center; width: 21.5686%;\">10-22 Uhr<!-- @font-face { font-family: \"Arial\"; }@font-face { font-family: \"Cambria Math\"; }@font-face { font-family: \"Cambria\"; }@font-face { font-family: \"MS Mincho\"; }p.MsoNormal, li.MsoNormal, div.MsoNormal { margin: 0cm 0cm 0.0001pt; font-size: 11pt; font-family: Arial; }.MsoChpDefault { font-size: 10pt; font-family: Cambria; }div.WordSection1 { page: WordSection1; } --><\/td>\n<td style=\"text-align: center; width: 24.0196%;\">11.30\u201320 Uhr<br \/>\n<!-- @font-face { font-family: \"Arial\"; }@font-face { font-family: \"Cambria Math\"; }@font-face { font-family: \"Cambria\"; }@font-face { font-family: \"MS Mincho\"; }p.MsoNormal, li.MsoNormal, div.MsoNormal { margin: 0cm 0cm 0.0001pt; font-size: 11pt; font-family: Arial; }.MsoChpDefault { font-size: 10pt; font-family: Cambria; }div.WordSection1 { page: WordSection1; } --><\/td>\n<\/tr>\n<tr>\n<td style=\"width: 24.7549%;\"><!-- @font-face { font-family: \"Arial\"; }@font-face { font-family: \"Arial\"; }@font-face { font-family: \"Cambria\"; }@font-face { font-family: \"MS Mincho\"; }p.MsoNormal, li.MsoNormal, div.MsoNormal { margin: 0cm 0cm 0.0001pt; font-size: 11pt; font-family: Arial; }.MsoChpDefault { font-size: 10pt; font-family: Cambria; }div.WordSection1 { page: WordSection1; } --> <strong>Donnerstag<\/strong><\/td>\n<td style=\"text-align: center; width: 26.7157%;\"><!-- @font-face { font-family: \"Arial\"; }@font-face { font-family: \"Cambria Math\"; }@font-face { font-family: \"Cambria\"; }@font-face { font-family: \"MS Mincho\"; }p.MsoNormal, li.MsoNormal, div.MsoNormal { margin: 0cm 0cm 0.0001pt; font-size: 11pt; font-family: Arial; }.MsoChpDefault { font-size: 10pt; font-family: Cambria; }div.WordSection1 { page: WordSection1; } --> 7-10 Uhr<\/td>\n<td style=\"text-align: center; width: 21.5686%;\">geschlossen<\/td>\n<td style=\"text-align: center; width: 24.0196%;\">geschlossen<\/td>\n<\/tr>\n<tr>\n<td style=\"width: 24.7549%;\"><!-- @font-face { font-family: \"Arial\"; }@font-face { font-family: \"Cambria Math\"; }@font-face { font-family: \"Cambria\"; }@font-face { font-family: \"MS Mincho\"; }p.MsoNormal, li.MsoNormal, div.MsoNormal { margin: 0cm 0cm 0.0001pt; font-size: 11pt; font-family: Arial; }.MsoChpDefault { font-size: 10pt; font-family: Cambria; }div.WordSection1 { page: WordSection1; } --> <strong>Freitag<\/strong><\/td>\n<td style=\"text-align: center; width: 26.7157%;\"><!-- @font-face { font-family: \"Arial\"; }@font-face { font-family: \"Cambria Math\"; }@font-face { font-family: \"Cambria\"; }@font-face { font-family: \"MS Mincho\"; }p.MsoNormal, li.MsoNormal, div.MsoNormal { margin: 0cm 0cm 0.0001pt; font-size: 11pt; font-family: Arial; }.MsoChpDefault { font-size: 10pt; font-family: Cambria; }div.WordSection1 { page: WordSection1; } --> 7-10 Uhr<\/td>\n<td style=\"text-align: center; width: 21.5686%;\"><!-- @font-face { font-family: \"Arial\"; }@font-face { font-family: \"Cambria Math\"; }@font-face { font-family: \"Cambria\"; }@font-face { font-family: \"MS Mincho\"; }p.MsoNormal, li.MsoNormal, div.MsoNormal { margin: 0cm 0cm 0.0001pt; font-size: 11pt; font-family: Arial; }.MsoChpDefault { font-size: 10pt; font-family: Cambria; }div.WordSection1 { page: WordSection1; } --> 10-22 Uhr<\/td>\n<td style=\"text-align: center; width: 24.0196%;\">11.30\u201320 Uhr<br \/>\n<!-- @font-face { font-family: \"Arial\"; }@font-face { font-family: \"Cambria Math\"; }@font-face { font-family: \"Cambria\"; }@font-face { font-family: \"MS Mincho\"; }p.MsoNormal, li.MsoNormal, div.MsoNormal { margin: 0cm 0cm 0.0001pt; font-size: 11pt; font-family: Arial; }.MsoChpDefault { font-size: 10pt; font-family: Cambria; }div.WordSection1 { page: WordSection1; } --><\/td>\n<\/tr>\n<tr>\n<td style=\"width: 24.7549%;\"><!-- @font-face { font-family: \"Arial\"; }@font-face { font-family: \"Cambria Math\"; }@font-face { font-family: \"Cambria\"; }@font-face { font-family: \"MS Mincho\"; }p.MsoNormal, li.MsoNormal, div.MsoNormal { margin: 0cm 0cm 0.0001pt; font-size: 11pt; font-family: Arial; }.MsoChpDefault { font-size: 10pt; font-family: Cambria; }div.WordSection1 { page: WordSection1; } --> <strong>Samstag<\/strong><\/td>\n<td style=\"text-align: center; width: 26.7157%;\">8-10 Uhr<\/td>\n<td style=\"text-align: center; width: 21.5686%;\"><!-- @font-face { font-family: \"Arial\"; }@font-face { font-family: \"Cambria Math\"; }@font-face { font-family: \"Cambria\"; }@font-face { font-family: \"MS Mincho\"; }p.MsoNormal, li.MsoNormal, div.MsoNormal { margin: 0cm 0cm 0.0001pt; font-size: 11pt; font-family: Arial; }.MsoChpDefault { font-size: 10pt; font-family: Cambria; }div.WordSection1 { page: WordSection1; } --> 10-22 Uhr<\/td>\n<td style=\"text-align: center; width: 24.0196%;\">11.30\u201320 Uhr<br \/>\n<!-- @font-face { font-family: \"Arial\"; }@font-face { font-family: \"Cambria Math\"; }@font-face { font-family: \"Cambria\"; }@font-face { font-family: \"MS Mincho\"; }p.MsoNormal, li.MsoNormal, div.MsoNormal { margin: 0cm 0cm 0.0001pt; font-size: 11pt; font-family: Arial; }.MsoChpDefault { font-size: 10pt; font-family: Cambria; }div.WordSection1 { page: WordSection1; } --><\/td>\n<\/tr>\n<tr>\n<td style=\"width: 24.7549%;\"><!-- @font-face { font-family: \"Arial\"; }@font-face { font-family: \"Cambria Math\"; }@font-face { font-family: \"Cambria\"; }@font-face { font-family: \"MS Mincho\"; }p.MsoNormal, li.MsoNormal, div.MsoNormal { margin: 0cm 0cm 0.0001pt; font-size: 11pt; font-family: Arial; }.MsoChpDefault { font-size: 10pt; font-family: Cambria; }div.WordSection1 { page: WordSection1; } --> <strong>Sonntag<\/strong><\/td>\n<td style=\"text-align: center; width: 26.7157%;\">8-10 Uhr<\/td>\n<td style=\"text-align: center; width: 21.5686%;\">geschlossen<\/td>\n<td style=\"text-align: center; width: 24.0196%;\">geschlossen<!-- @font-face { font-family: \"Arial\"; }@font-face { font-family: \"Cambria Math\"; }@font-face { font-family: \"Cambria\"; }@font-face { font-family: \"MS Mincho\"; }p.MsoNormal, li.MsoNormal, div.MsoNormal { margin: 0cm 0cm 0.0001pt; font-size: 11pt; font-family: Arial; }.MsoChpDefault { font-size: 10pt; font-family: Cambria; }div.WordSection1 { page: WordSection1; } --><\/td>\n<\/tr>\n<\/tbody>\n<\/table>\n<p>&nbsp;<\/p>\n<p>&nbsp;<\/p>\n","protected":false},"excerpt":{"rendered":"<p>\u00dcbernachtung inklusive reichhaltigem Fr\u00fchst\u00fccksbuffet 1 Person\/1 Nacht \u20ac115,00 pro Nacht (einschl. Fr\u00fchst\u00fccksbuffet) 2 Person\/1 Nacht \u20ac150,00 pro Nacht (einschl. Fr\u00fchst\u00fccksbuffet) Kind &lt; 2 Jahre 20,00 \u20ac pro Nacht Kind &lt; 12 Jahre 30,00 \u20ac pro Nacht Am Ende des Aufenthalts das Zimmer bitte bis 11 Uhr frei machen. Die Preise k\u00f6nnen je nach Zeitraum und [&hellip;]<\/p>\n","protected":false},"author":1,"featured_media":0,"parent":0,"menu_order":5,"comment_status":"closed","ping_status":"closed","template":"","meta":{"ngg_post_thumbnail":0,"footnotes":""},"class_list":["post-429","page","type-page","status-publish","hentry"],"_links":{"self":[{"href":"https:\/\/hotelgrupello.be\/de\/wp-json\/wp\/v2\/pages\/429","targetHints":{"allow":["GET"]}}],"collection":[{"href":"https:\/\/hotelgrupello.be\/de\/wp-json\/wp\/v2\/pages"}],"about":[{"href":"https:\/\/hotelgrupello.be\/de\/wp-json\/wp\/v2\/types\/page"}],"author":[{"embeddable":true,"href":"https:\/\/hotelgrupello.be\/de\/wp-json\/wp\/v2\/users\/1"}],"replies":[{"embeddable":true,"href":"https:\/\/hotelgrupello.be\/de\/wp-json\/wp\/v2\/comments?post=429"}],"version-history":[{"count":30,"href":"https:\/\/hotelgrupello.be\/de\/wp-json\/wp\/v2\/pages\/429\/revisions"}],"predecessor-version":[{"id":1538,"href":"https:\/\/hotelgrupello.be\/de\/wp-json\/wp\/v2\/pages\/429\/revisions\/1538"}],"wp:attachment":[{"href":"https:\/\/hotelgrupello.be\/de\/wp-json\/wp\/v2\/media?parent=429"}],"curies":[{"name":"wp","href":"https:\/\/api.w.org\/{rel}","templated":true}]}}