{"id":282,"date":"2011-02-09T16:54:55","date_gmt":"2011-02-09T15:54:55","guid":{"rendered":"https:\/\/hotelgrupello.be\/"},"modified":"2026-04-08T18:29:35","modified_gmt":"2026-04-08T16:29:35","slug":"brasserie","status":"publish","type":"page","link":"https:\/\/hotelgrupello.be\/de\/brasserie\/","title":{"rendered":"Brasserie"},"content":{"rendered":"<p class=\"intro\">In der Brasserie werden Herzlichkeit und hervorragender Service gro\u00df geschrieben.<\/p>\n<p>ngg_shortcode_0_placeholderDie gem\u00fctliche Brasserie mit der gro\u00dfen Terrasse ist ganz im Original-Art-Nouveau-Stil eingerichtet. Herzlichkeit und Topservice sind hier Trumpf. Die vielf\u00e4ltige Karte bietet Ihnen eine reiche Auswahl von herrlichen, kreativ zusammengestellten Gerichten, Snacks, Getr\u00e4nken und ein breites Angebot von handwerklichen Bieren.<\/p>\n<p><b>Neue \u00d6ffnungszeiten f\u00fcr die Brasserie Grupello!<\/b><\/p>\n<p>&nbsp;<\/p>\n<table style=\"width: 73.5711%;\" border=\"0\">\n<thead>\n<tr>\n<td style=\"width: 24.8139%;\"><\/td>\n<td style=\"width: 27.0471%;\"><!-- @font-face { font-family: \"Arial\"; }@font-face { font-family: \"Cambria Math\"; }@font-face { font-family: \"Cambria\"; }@font-face { font-family: \"MS Mincho\"; }p.MsoNormal, li.MsoNormal, div.MsoNormal { margin: 0cm 0cm 0.0001pt; font-size: 11pt; font-family: Arial; }.MsoChpDefault { font-size: 10pt; font-family: Cambria; }div.WordSection1 { page: WordSection1; } --> <strong>Fr\u00fchst\u00fccken<\/strong><\/td>\n<td style=\"width: 23.5732%;\"><strong>Brasserie <\/strong><\/td>\n<td style=\"width: 31.7977%;\"><!-- @font-face { font-family: \"Arial\"; }@font-face { font-family: \"Cambria Math\"; }@font-face { font-family: \"Cambria\"; }@font-face { font-family: \"MS Mincho\"; }p.MsoNormal, li.MsoNormal, div.MsoNormal { margin: 0cm 0cm 0.0001pt; font-size: 11pt; font-family: Arial; }.MsoChpDefault { font-size: 10pt; font-family: Cambria; }div.WordSection1 { page: WordSection1; } --> <strong>K\u00fcche<\/strong><\/td>\n<\/tr>\n<\/thead>\n<tbody>\n<tr>\n<td style=\"width: 24.8139%;\"><!-- @font-face { font-family: \"Arial\"; }@font-face { font-family: \"Cambria Math\"; }@font-face { font-family: \"Cambria\"; }@font-face { font-family: \"MS Mincho\"; }p.MsoNormal, li.MsoNormal, div.MsoNormal { margin: 0cm 0cm 0.0001pt; font-size: 11pt; font-family: Arial; }.MsoChpDefault { font-size: 10pt; font-family: Cambria; }div.WordSection1 { page: WordSection1; } --> <strong>Montag<\/strong><\/td>\n<td style=\"width: 27.0471%;\"><!-- @font-face { font-family: \"Arial\"; }@font-face { font-family: \"Cambria Math\"; }@font-face { font-family: \"Cambria\"; }@font-face { font-family: \"MS Mincho\"; }p.MsoNormal, li.MsoNormal, div.MsoNormal { margin: 0cm 0cm 0.0001pt; font-size: 11pt; font-family: Arial; }.MsoChpDefault { font-size: 10pt; font-family: Cambria; }div.WordSection1 { page: WordSection1; } -->\u00a0 \u00a07-10 Uhr<\/td>\n<td style=\"width: 23.5732%;\"><!-- @font-face { font-family: \"Arial\"; }@font-face { font-family: \"Cambria Math\"; }@font-face { font-family: \"Cambria\"; }@font-face { font-family: \"MS Mincho\"; }p.MsoNormal, li.MsoNormal, div.MsoNormal { margin: 0cm 0cm 0.0001pt; font-size: 11pt; font-family: Arial; }.MsoChpDefault { font-size: 10pt; font-family: Cambria; }div.WordSection1 { page: WordSection1; } -->\u00a0 10-22 Uhr<\/td>\n<td style=\"width: 31.7977%;\">\u00a011.30\u201320 Uhr<\/td>\n<\/tr>\n<tr>\n<td style=\"width: 24.8139%;\"><!-- @font-face { font-family: \"Arial\"; }@font-face { font-family: \"Cambria Math\"; }@font-face { font-family: \"Cambria\"; }@font-face { font-family: \"MS Mincho\"; }p.MsoNormal, li.MsoNormal, div.MsoNormal { margin: 0cm 0cm 0.0001pt; font-size: 11pt; font-family: Arial; }.MsoChpDefault { font-size: 10pt; font-family: Cambria; }div.WordSection1 { page: WordSection1; } --> <strong>Dienstag<\/strong><\/td>\n<td style=\"width: 27.0471%;\">\u00a0 \u00a07-10 Uhr<\/td>\n<td style=\"width: 23.5732%;\">\u00a0 10-22 Uhr<\/td>\n<td style=\"width: 31.7977%;\">\u00a011.30\u201320 Uhr<\/td>\n<\/tr>\n<tr>\n<td style=\"width: 24.8139%;\"><!-- @font-face { font-family: \"Arial\"; }@font-face { font-family: \"Cambria Math\"; }@font-face { font-family: \"Cambria\"; }@font-face { font-family: \"MS Mincho\"; }p.MsoNormal, li.MsoNormal, div.MsoNormal { margin: 0cm 0cm 0.0001pt; font-size: 11pt; font-family: Arial; }.MsoChpDefault { font-size: 10pt; font-family: Cambria; }div.WordSection1 { page: WordSection1; } --> <strong>Mittwoch<\/strong><\/td>\n<td style=\"width: 27.0471%;\">\u00a0 \u00a07-10 Uhr<\/td>\n<td style=\"width: 23.5732%;\">\u00a0 10-22 Uhr<\/td>\n<td style=\"width: 31.7977%;\">\u00a011.30\u201320 Uhr<\/td>\n<\/tr>\n<tr>\n<td style=\"width: 24.8139%;\"><!-- @font-face { font-family: \"Arial\"; }@font-face { font-family: \"Arial\"; }@font-face { font-family: \"Cambria\"; }@font-face { font-family: \"MS Mincho\"; }p.MsoNormal, li.MsoNormal, div.MsoNormal { margin: 0cm 0cm 0.0001pt; font-size: 11pt; font-family: Arial; }.MsoChpDefault { font-size: 10pt; font-family: Cambria; }div.WordSection1 { page: WordSection1; } --> <strong>Donnerstag<\/strong><\/td>\n<td style=\"width: 27.0471%;\">\u00a0 \u00a07-10 Uhr<\/td>\n<td style=\"width: 23.5732%;\">geschlosssen<\/td>\n<td style=\"width: 31.7977%;\">geschlossen<\/td>\n<\/tr>\n<tr>\n<td style=\"width: 24.8139%;\"><!-- @font-face { font-family: \"Arial\"; }@font-face { font-family: \"Cambria Math\"; }@font-face { font-family: \"Cambria\"; }@font-face { font-family: \"MS Mincho\"; }p.MsoNormal, li.MsoNormal, div.MsoNormal { margin: 0cm 0cm 0.0001pt; font-size: 11pt; font-family: Arial; }.MsoChpDefault { font-size: 10pt; font-family: Cambria; }div.WordSection1 { page: WordSection1; } --> <strong>Freitag<\/strong><\/td>\n<td style=\"width: 27.0471%;\">\u00a0 \u00a07-10 Uhr<\/td>\n<td style=\"width: 23.5732%;\">\u00a0 10-22 Uhr<\/td>\n<td style=\"width: 31.7977%;\">\u00a011.30\u201320 Uhr<\/td>\n<\/tr>\n<tr>\n<td style=\"width: 24.8139%;\"><!-- @font-face { font-family: \"Arial\"; }@font-face { font-family: \"Cambria Math\"; }@font-face { font-family: \"Cambria\"; }@font-face { font-family: \"MS Mincho\"; }p.MsoNormal, li.MsoNormal, div.MsoNormal { margin: 0cm 0cm 0.0001pt; font-size: 11pt; font-family: Arial; }.MsoChpDefault { font-size: 10pt; font-family: Cambria; }div.WordSection1 { page: WordSection1; } --> <strong>Samstag<\/strong><\/td>\n<td style=\"width: 27.0471%;\"><!-- @font-face { font-family: \"Arial\"; }@font-face { font-family: \"Cambria Math\"; }@font-face { font-family: \"Cambria\"; }@font-face { font-family: \"MS Mincho\"; }p.MsoNormal, li.MsoNormal, div.MsoNormal { margin: 0cm 0cm 0.0001pt; font-size: 11pt; font-family: Arial; }.MsoChpDefault { font-size: 10pt; font-family: Cambria; }div.WordSection1 { page: WordSection1; } -->\u00a0 \u00a08-10 Uhr<\/td>\n<td style=\"width: 23.5732%;\">\u00a0 10-22 Uhr<\/td>\n<td style=\"width: 31.7977%;\">\u00a011.30\u201320 Uhr<\/td>\n<\/tr>\n<tr>\n<td style=\"width: 24.8139%;\"><!-- @font-face { font-family: \"Arial\"; }@font-face { font-family: \"Cambria Math\"; }@font-face { font-family: \"Cambria\"; }@font-face { font-family: \"MS Mincho\"; }p.MsoNormal, li.MsoNormal, div.MsoNormal { margin: 0cm 0cm 0.0001pt; font-size: 11pt; font-family: Arial; }.MsoChpDefault { font-size: 10pt; font-family: Cambria; }div.WordSection1 { page: WordSection1; } --> <strong>Sonntag<\/strong><\/td>\n<td style=\"width: 27.0471%;\"><!-- @font-face { font-family: \"Arial\"; }@font-face { font-family: \"Cambria Math\"; }@font-face { font-family: \"Cambria\"; }@font-face { font-family: \"MS Mincho\"; }p.MsoNormal, li.MsoNormal, div.MsoNormal { margin: 0cm 0cm 0.0001pt; font-size: 11pt; font-family: Arial; }.MsoChpDefault { font-size: 10pt; font-family: Cambria; }div.WordSection1 { page: WordSection1; } -->\u00a0 \u00a08-10 Uhr<\/td>\n<td style=\"width: 23.5732%;\">geschlossen<\/td>\n<td style=\"width: 31.7977%;\">geschlossen<\/td>\n<\/tr>\n<\/tbody>\n<\/table>\n<p>&nbsp;<\/p>\n<p>Aber \u2026 wenn keine G\u00e4ste mehr da sind und wir etwas m\u00fcde sind, kommt es auch mal vor, dass wir etwas fr\u00fcher Schluss machen!<\/p>\n<h2 data-start=\"202\" data-end=\"232\"><\/h2>\n<h2 data-start=\"202\" data-end=\"232\"><strong data-start=\"205\" data-end=\"232\">MEN\u00dc BRASSERIE GRUPELLO<\/strong><\/h2>\n<h3 data-start=\"234\" data-end=\"255\"><strong data-start=\"238\" data-end=\"253\">PFANNKUCHEN UND WAFFELN<\/strong><\/h3>\n<p data-start=\"256\" data-end=\"292\"><em data-start=\"256\" data-end=\"290\">Serviert von 14:00 bis 18:00 Uhr<\/em><\/p>\n<p data-start=\"294\" data-end=\"487\"><strong data-start=\"294\" data-end=\"305\">Bel\u00e4ge:<\/strong><br data-start=\"305\" data-end=\"308\" \/>Zucker \/ Butter \/ Kandissirup \/ Marmelade \/ Schokocreme \/ Eis \/ Schlagsahne \/<br data-start=\"385\" data-end=\"388\" \/>Schokoladensauce \/ Mikado \/ Erdbeeren \/ Advokaat (Eierlik\u00f6r) \/ Grand Marnier \/<br data-start=\"466\" data-end=\"469\" \/>Banane \/ Apfel \/ \u2026<\/p>\n<hr data-start=\"489\" data-end=\"492\" \/>\n<h3 data-start=\"494\" data-end=\"539\"><strong data-start=\"498\" data-end=\"539\">GROSSE AUSWAHL AN SNACKS UND H\u00c4PPCHEN<\/strong><\/h3>\n<h3 data-start=\"541\" data-end=\"561\"><\/h3>\n<h3 data-start=\"541\" data-end=\"561\"><strong data-start=\"545\" data-end=\"559\">TAGESSUPPE<\/strong><\/h3>\n<p data-start=\"562\" data-end=\"622\">Frische Tagessuppe mit Brot, Butter, Zwieback und Croutons<\/p>\n<hr data-start=\"624\" data-end=\"627\" \/>\n<h3 data-start=\"629\" data-end=\"659\"><strong data-start=\"633\" data-end=\"659\">HAUSGEMACHTE KROKETTEN<\/strong><\/h3>\n<p data-start=\"661\" data-end=\"777\">Garnelenkroketten (2 oder 3 St\u00fcck)<br data-start=\"695\" data-end=\"698\" \/>K\u00e4sekroketten \u201eOud Brugge\u201c (2 oder 3 St\u00fcck)<br data-start=\"741\" data-end=\"744\" \/>Duo K\u00e4se- und Garnelenkroketten<\/p>\n<hr data-start=\"779\" data-end=\"782\" \/>\n<h3 data-start=\"784\" data-end=\"823\"><strong data-start=\"788\" data-end=\"823\">CROQUES (GETOASTETE SANDWICHES)<\/strong><\/h3>\n<p data-start=\"825\" data-end=\"1054\">Croque \u201eGrupello\u201c (mit Spiegelei und Breydel-Speckstreifen)<br data-start=\"884\" data-end=\"887\" \/>Croque mit K\u00e4se und Schinken<br data-start=\"915\" data-end=\"918\" \/>Croque nur mit K\u00e4se<br data-start=\"937\" data-end=\"940\" \/>Croque \u201eHawaii\u201c (mit Ananas)<br data-start=\"968\" data-end=\"971\" \/>Croque \u201eSpecial\u201c (mit Spaghettisauce)<br data-start=\"1008\" data-end=\"1011\" \/>Croque \u201eMadame\u201c (mit doppeltem Spiegelei)<\/p>\n<hr data-start=\"1056\" data-end=\"1059\" \/>\n<h3 data-start=\"1061\" data-end=\"1085\"><strong data-start=\"1065\" data-end=\"1085\">HERZHAFTE SALATE<\/strong><\/h3>\n<p data-start=\"1087\" data-end=\"1304\">Ziegenk\u00e4sesalat mit karamellisierten \u00c4pfeln (2 oder 3 Gr\u00f6\u00dfen)<br data-start=\"1148\" data-end=\"1151\" \/>Salat \u201eGrupello\u201c \u2013 gemischter Salat mit Breydel-Speck, Pasta und Schwarzw\u00e4lder Schinken<br data-start=\"1255\" data-end=\"1258\" \/>Caesar Salat mit gebratenen H\u00e4hnchenstreifen<\/p>\n<hr data-start=\"1306\" data-end=\"1309\" \/>\n<h3 data-start=\"1311\" data-end=\"1324\"><strong data-start=\"1315\" data-end=\"1324\">PASTA<\/strong><\/h3>\n<p data-start=\"1326\" data-end=\"1380\">Spaghetti Bolognese<br data-start=\"1345\" data-end=\"1348\" \/>Lasagne<br data-start=\"1355\" data-end=\"1358\" \/>Vegetarische Lasagne<\/p>\n<hr data-start=\"1382\" data-end=\"1385\" \/>\n<h3 data-start=\"1387\" data-end=\"1413\"><strong data-start=\"1391\" data-end=\"1413\">FL\u00c4MISCHE GERICHTE<\/strong><\/h3>\n<p data-start=\"1415\" data-end=\"1541\">Fl\u00e4misches Rindergulasch (in Bierso\u00dfe)<br data-start=\"1453\" data-end=\"1456\" \/>K\u00f6niginnenpastete (H\u00e4hnchenragout mit Bl\u00e4tterteig)<br data-start=\"1506\" data-end=\"1509\" \/>Fleischb\u00e4llchen in Tomatenso\u00dfe<\/p>\n<hr data-start=\"1543\" data-end=\"1546\" \/>\n<h3 data-start=\"1548\" data-end=\"1569\"><strong data-start=\"1552\" data-end=\"1569\">FISCHGERICHTE<\/strong><\/h3>\n<p data-start=\"1571\" data-end=\"1676\">Toast mit hausger\u00e4uchertem Lachs, Sauerrahm und Dill<br data-start=\"1623\" data-end=\"1626\" \/>Scampi in Knoblauchbutter (10 St\u00fcck)<\/p>\n<hr data-start=\"1678\" data-end=\"1681\" \/>\n<h3 data-start=\"58\" data-end=\"87\"><strong data-start=\"58\" data-end=\"87\">UNSERE GRILLSPEZIALIT\u00c4TEN<\/strong><\/h3>\n<p data-start=\"89\" data-end=\"253\">Filet Mignon natur gegrillt<br data-start=\"116\" data-end=\"119\" \/>oder mit frischer Kr\u00e4uterbutter \/ Champignonrahmsauce \/ gebratenen Champignons \/ Pfefferrahmsauce \/ Grupello-Sauce \/ Sauce B\u00e9arnaise<\/p>\n<p data-start=\"255\" data-end=\"420\">H\u00e4hnchenspie\u00df natur gegrillt<br data-start=\"283\" data-end=\"286\" \/>oder mit frischer Kr\u00e4uterbutter \/ Champignonrahmsauce \/ gebratenen Champignons \/ Pfefferrahmsauce \/ Grupello-Sauce \/ Sauce B\u00e9arnaise<\/p>\n<p data-start=\"422\" data-end=\"587\">Schweinespie\u00df natur gegrillt<br data-start=\"450\" data-end=\"453\" \/>oder mit frischer Kr\u00e4uterbutter \/ Champignonrahmsauce \/ gebratenen Champignons \/ Pfefferrahmsauce \/ Grupello-Sauce \/ Sauce B\u00e9arnaise<\/p>\n<hr data-start=\"589\" data-end=\"592\" \/>\n<h3 data-start=\"594\" data-end=\"617\"><strong data-start=\"594\" data-end=\"617\">UNSERE EMPFEHLUNGEN<\/strong><\/h3>\n<p data-start=\"619\" data-end=\"955\">Grupello-Burger<br data-start=\"634\" data-end=\"637\" \/>Seezungenr\u00f6llchen in Wei\u00dfweinsauce<br data-start=\"671\" data-end=\"674\" \/>Seezungenr\u00f6llchen in Estragonsauce<br data-start=\"708\" data-end=\"711\" \/>Grupello-Scampi<br data-start=\"726\" data-end=\"729\" \/>Scampi Diabolique<br data-start=\"746\" data-end=\"749\" \/>Spargel auf fl\u00e4mische Art<br data-start=\"774\" data-end=\"777\" \/>Spargel mit R\u00e4ucherlachs und Mousselinesauce<br data-start=\"821\" data-end=\"824\" \/>Irisches Rib-Eye 300 g natur gegrillt \/ Kr\u00e4uterbutter \/ Grupello-Sauce \/ Sauce B\u00e9arnaise \/ Pfefferrahmsauce \/ Champignonrahmsauce<\/p>\n<hr data-start=\"1958\" data-end=\"1961\" \/>\n<h3 data-start=\"1963\" data-end=\"1997\"><strong data-start=\"1967\" data-end=\"1997\">KINDERKARTE (BIS 12 JAHRE)<\/strong><\/h3>\n<p data-start=\"1999\" data-end=\"2229\">Kinder-Croque<br data-start=\"2012\" data-end=\"2015\" \/>Kinder-Croque Special<br data-start=\"2036\" data-end=\"2039\" \/>Kinder-Croque Hawaii<br data-start=\"2059\" data-end=\"2062\" \/>Kinder-Croque Madame<br data-start=\"2082\" data-end=\"2085\" \/>Kinder-Spaghetti<br data-start=\"2101\" data-end=\"2104\" \/>Kinder-Lasagne<br data-start=\"2118\" data-end=\"2121\" \/>Kinder-Lasagne vegetarisch<br data-start=\"2147\" data-end=\"2150\" \/>Fl\u00e4misches Rindergulasch<br data-start=\"2174\" data-end=\"2177\" \/>K\u00f6niginnenpastete<br data-start=\"2194\" data-end=\"2197\" \/>Fleischb\u00e4llchen in Tomatenso\u00dfe<\/p>\n<p data-start=\"2231\" data-end=\"2465\">Portion Pommes<br data-start=\"2245\" data-end=\"2248\" \/>Pommes mit Mini-Frikadellen<br data-start=\"2275\" data-end=\"2278\" \/>Pommes mit Bitterballen<br data-start=\"2301\" data-end=\"2304\" \/>Pommes mit H\u00e4hnchenkeulen<br data-start=\"2329\" data-end=\"2332\" \/>Pommes mit Chicken Fingers<br data-start=\"2358\" data-end=\"2361\" \/>Pommes mit Fischst\u00e4bchen &amp; Remouladensauce<br data-start=\"2403\" data-end=\"2406\" \/>1 Garnelenkrokette mit Pommes<br data-start=\"2435\" data-end=\"2438\" \/>1 K\u00e4sekrokette mit Pommes<\/p>\n<hr data-start=\"2467\" data-end=\"2470\" \/>\n<h3 data-start=\"2472\" data-end=\"2489\"><strong data-start=\"2476\" data-end=\"2489\">EISBECHER<\/strong><\/h3>\n<p data-start=\"2491\" data-end=\"2832\">Coupe Dame Blanche (Vanilleeis, hei\u00dfe Schokoladensauce &amp; Schlagsahne)<br data-start=\"2560\" data-end=\"2563\" \/>Coupe Dame Noir (Schokoladeneis &amp; Schokoladensauce)<br data-start=\"2614\" data-end=\"2617\" \/>Coupe Br\u00e9silienne (Vanilleeis, Karamellsauce &amp; N\u00fcsse)<br data-start=\"2670\" data-end=\"2673\" \/>Coupe Banana Split<br data-start=\"2691\" data-end=\"2694\" \/>Eisbecher mit frischem Obst<br data-start=\"2721\" data-end=\"2724\" \/>Eisbecher mit frischen Erdbeeren (Saison)<br data-start=\"2765\" data-end=\"2768\" \/>Coupe Advokaat<br data-start=\"2782\" data-end=\"2785\" \/>Eiskaffee<br data-start=\"2794\" data-end=\"2797\" \/>Eis auch in der Waffel erh\u00e4ltlich<\/p>\n<hr data-start=\"2834\" data-end=\"2837\" \/>\n<h3 data-start=\"2839\" data-end=\"2858\"><strong data-start=\"2843\" data-end=\"2858\">MILCHSHAKES<\/strong><\/h3>\n<p data-start=\"2860\" data-end=\"2921\">Vanille \/ Schokolade \/ Mokka \/ Karamell \/ Erdbeere \/ Banane<\/p>\n<hr data-start=\"2923\" data-end=\"2926\" \/>\n<h3 data-start=\"2928\" data-end=\"2946\"><strong data-start=\"2932\" data-end=\"2946\">OBSTTELLER<\/strong><\/h3>\n<p data-start=\"2948\" data-end=\"3015\">Teller mit frischem Obst<br data-start=\"2972\" data-end=\"2975\" \/>Teller mit frischen Erdbeeren (Saison)<\/p>\n<hr data-start=\"3017\" data-end=\"3020\" \/>\n<h3 data-start=\"3022\" data-end=\"3038\"><strong data-start=\"3026\" data-end=\"3038\">DESSERTS<\/strong><\/h3>\n<p data-start=\"3040\" data-end=\"3207\">Warmer Schokoladen-Moelleux mit Eis<br data-start=\"3075\" data-end=\"3078\" \/>Schokoladenmousse<br data-start=\"3095\" data-end=\"3098\" \/>Windbeutel mit Eis &amp; hei\u00dfer Schokoladensauce<br data-start=\"3142\" data-end=\"3145\" \/>Coupe Colonel mit Limoncello<br data-start=\"3173\" data-end=\"3176\" \/>Zitronensorbet mit Limoncello<\/p>\n<hr data-start=\"3209\" data-end=\"3212\" \/>\n<h3 data-start=\"3214\" data-end=\"3228\"><strong data-start=\"3218\" data-end=\"3228\">KUCHEN<\/strong><\/h3>\n<p data-start=\"3230\" data-end=\"3287\">Hausgemachter normannischer Apfelkuchen<br data-start=\"3269\" data-end=\"3272\" \/>Zitronentarte<\/p>\n<p>&nbsp;<\/p>\n","protected":false},"excerpt":{"rendered":"<p>In der Brasserie werden Herzlichkeit und hervorragender Service gro\u00df geschrieben. Die gem\u00fctliche Brasserie mit der gro\u00dfen Terrasse ist ganz im Original-Art-Nouveau-Stil eingerichtet. Herzlichkeit und Topservice sind hier Trumpf. Die vielf\u00e4ltige Karte bietet Ihnen eine reiche Auswahl von herrlichen, kreativ zusammengestellten Gerichten, Snacks, Getr\u00e4nken und ein breites Angebot von handwerklichen Bieren. Neue \u00d6ffnungszeiten f\u00fcr die Brasserie [&hellip;]<\/p>\n","protected":false},"author":1,"featured_media":0,"parent":0,"menu_order":2,"comment_status":"closed","ping_status":"closed","template":"","meta":{"ngg_post_thumbnail":0,"footnotes":""},"class_list":["post-282","page","type-page","status-publish","hentry"],"_links":{"self":[{"href":"https:\/\/hotelgrupello.be\/de\/wp-json\/wp\/v2\/pages\/282","targetHints":{"allow":["GET"]}}],"collection":[{"href":"https:\/\/hotelgrupello.be\/de\/wp-json\/wp\/v2\/pages"}],"about":[{"href":"https:\/\/hotelgrupello.be\/de\/wp-json\/wp\/v2\/types\/page"}],"author":[{"embeddable":true,"href":"https:\/\/hotelgrupello.be\/de\/wp-json\/wp\/v2\/users\/1"}],"replies":[{"embeddable":true,"href":"https:\/\/hotelgrupello.be\/de\/wp-json\/wp\/v2\/comments?post=282"}],"version-history":[{"count":30,"href":"https:\/\/hotelgrupello.be\/de\/wp-json\/wp\/v2\/pages\/282\/revisions"}],"predecessor-version":[{"id":1533,"href":"https:\/\/hotelgrupello.be\/de\/wp-json\/wp\/v2\/pages\/282\/revisions\/1533"}],"wp:attachment":[{"href":"https:\/\/hotelgrupello.be\/de\/wp-json\/wp\/v2\/media?parent=282"}],"curies":[{"name":"wp","href":"https:\/\/api.w.org\/{rel}","templated":true}]}}