{"id":274,"date":"2011-02-09T16:52:25","date_gmt":"2011-02-09T15:52:25","guid":{"rendered":"https:\/\/hotelgrupello.be\/"},"modified":"2022-02-02T09:21:24","modified_gmt":"2022-02-02T08:21:24","slug":"zimmer-fruhstuck","status":"publish","type":"page","link":"https:\/\/hotelgrupello.be\/de\/zimmer-fruhstuck\/","title":{"rendered":"Zimmer \/ Fr\u00fchst\u00fcck"},"content":{"rendered":"<p class=\"intro\">Unsere G\u00e4ste erwartet ein reichhaltiges, gepflegtes Fr\u00fchst\u00fccksbuffet mit tagesfrischen Produkten in einem stimmungsvollen Rahmen.<\/p>\n<p>ngg_shortcode_0_placeholderSowohl f\u00fcr den Gesch\u00e4fts- wie f\u00fcr den Ferienaufenthalt bietet Ihnen das Hotel Grupello komfortable Zimmer mit Luxusb\u00e4dern. Das gesunde Fr\u00fchst\u00fccksbuffet ist<br \/>\nbesonders reichhaltig. Der herrliche Art-Nouveau-Raum l\u00e4dt Sie ein, es ausf\u00fchrlich zu genie\u00dfen.<\/p>\n","protected":false},"excerpt":{"rendered":"<p>Unsere G\u00e4ste erwartet ein reichhaltiges, gepflegtes Fr\u00fchst\u00fccksbuffet mit tagesfrischen Produkten in einem stimmungsvollen Rahmen. Sowohl f\u00fcr den Gesch\u00e4fts- wie f\u00fcr den Ferienaufenthalt bietet Ihnen das Hotel Grupello komfortable Zimmer mit Luxusb\u00e4dern. Das gesunde Fr\u00fchst\u00fccksbuffet ist besonders reichhaltig. Der herrliche Art-Nouveau-Raum l\u00e4dt Sie ein, es ausf\u00fchrlich zu genie\u00dfen.<\/p>\n","protected":false},"author":1,"featured_media":0,"parent":0,"menu_order":1,"comment_status":"closed","ping_status":"closed","template":"","meta":{"ngg_post_thumbnail":0,"footnotes":""},"class_list":["post-274","page","type-page","status-publish","hentry"],"_links":{"self":[{"href":"https:\/\/hotelgrupello.be\/de\/wp-json\/wp\/v2\/pages\/274","targetHints":{"allow":["GET"]}}],"collection":[{"href":"https:\/\/hotelgrupello.be\/de\/wp-json\/wp\/v2\/pages"}],"about":[{"href":"https:\/\/hotelgrupello.be\/de\/wp-json\/wp\/v2\/types\/page"}],"author":[{"embeddable":true,"href":"https:\/\/hotelgrupello.be\/de\/wp-json\/wp\/v2\/users\/1"}],"replies":[{"embeddable":true,"href":"https:\/\/hotelgrupello.be\/de\/wp-json\/wp\/v2\/comments?post=274"}],"version-history":[{"count":6,"href":"https:\/\/hotelgrupello.be\/de\/wp-json\/wp\/v2\/pages\/274\/revisions"}],"predecessor-version":[{"id":1272,"href":"https:\/\/hotelgrupello.be\/de\/wp-json\/wp\/v2\/pages\/274\/revisions\/1272"}],"wp:attachment":[{"href":"https:\/\/hotelgrupello.be\/de\/wp-json\/wp\/v2\/media?parent=274"}],"curies":[{"name":"wp","href":"https:\/\/api.w.org\/{rel}","templated":true}]}}