{"id":227,"date":"2011-02-09T16:00:39","date_gmt":"2011-02-09T15:00:39","guid":{"rendered":"https:\/\/hotelgrupello.be\/"},"modified":"2022-02-02T09:20:08","modified_gmt":"2022-02-02T08:20:08","slug":"hotel-2","status":"publish","type":"page","link":"https:\/\/hotelgrupello.be\/de\/","title":{"rendered":"Hotel"},"content":{"rendered":"<p><!-- @font-face { font-family: \"Arial\"; }@font-face { font-family: \"Cambria Math\"; }@font-face { font-family: \"Cambria\"; }@font-face { font-family: \"MS Mincho\"; }p.MsoNormal, li.MsoNormal, div.MsoNormal { margin: 0cm 0cm 0.0001pt; font-size: 11pt; font-family: Arial; }.MsoChpDefault { font-size: 10pt; font-family: Cambria; }div.WordSection1 { page: WordSection1; } --><span class=\"intro\"> Leisten Sie sich einen kleinenEntspannungsurlaub zwischendurch und lassen Sie sich vom herzlichen Empfang, der famili\u00e4ren Atmosph\u00e4re und dem gepflegten Service \u00fcberraschen.<\/span><\/p>\n<p>ngg_shortcode_0_placeholder<strong>Kostenlose WLAN-Internetverbindung!<\/strong><\/p>\n","protected":false},"excerpt":{"rendered":"<p>Leisten Sie sich einen kleinenEntspannungsurlaub zwischendurch und lassen Sie sich vom herzlichen Empfang, der famili\u00e4ren Atmosph\u00e4re und dem gepflegten Service \u00fcberraschen. Kostenlose WLAN-Internetverbindung!<\/p>\n","protected":false},"author":1,"featured_media":0,"parent":0,"menu_order":0,"comment_status":"closed","ping_status":"closed","template":"","meta":{"ngg_post_thumbnail":0,"footnotes":""},"class_list":["post-227","page","type-page","status-publish","hentry"],"_links":{"self":[{"href":"https:\/\/hotelgrupello.be\/de\/wp-json\/wp\/v2\/pages\/227","targetHints":{"allow":["GET"]}}],"collection":[{"href":"https:\/\/hotelgrupello.be\/de\/wp-json\/wp\/v2\/pages"}],"about":[{"href":"https:\/\/hotelgrupello.be\/de\/wp-json\/wp\/v2\/types\/page"}],"author":[{"embeddable":true,"href":"https:\/\/hotelgrupello.be\/de\/wp-json\/wp\/v2\/users\/1"}],"replies":[{"embeddable":true,"href":"https:\/\/hotelgrupello.be\/de\/wp-json\/wp\/v2\/comments?post=227"}],"version-history":[{"count":6,"href":"https:\/\/hotelgrupello.be\/de\/wp-json\/wp\/v2\/pages\/227\/revisions"}],"predecessor-version":[{"id":1270,"href":"https:\/\/hotelgrupello.be\/de\/wp-json\/wp\/v2\/pages\/227\/revisions\/1270"}],"wp:attachment":[{"href":"https:\/\/hotelgrupello.be\/de\/wp-json\/wp\/v2\/media?parent=227"}],"curies":[{"name":"wp","href":"https:\/\/api.w.org\/{rel}","templated":true}]}}